{"id":10,"date":"2016-02-22T15:20:27","date_gmt":"2016-02-22T14:20:27","guid":{"rendered":"https:\/\/mkgchirurgie-regensburg.de\/2016\/?page_id=10"},"modified":"2023-11-21T15:45:23","modified_gmt":"2023-11-21T14:45:23","slug":"kontakt","status":"publish","type":"page","link":"https:\/\/mkgchirurgie-regensburg.de\/2016\/kontakt\/","title":{"rendered":"Kontakt"},"content":{"rendered":"<div id='av-layout-grid-1'  class='av-layout-grid-container av-6ty0q-f314448586a4e3ca1ce92d0d473efa88 entry-content-wrapper main_color av-flex-cells  avia-builder-el-0  avia-builder-el-no-sibling   container_wrap sidebar_right'  >\n\n<style type=\"text\/css\" data-created_by=\"avia_inline_auto\" id=\"style-css-av-6iefm-57de362d3c2f157bce47dd9a3b23cf13\">\n.flex_cell.av-6iefm-57de362d3c2f157bce47dd9a3b23cf13{\nvertical-align:top;\nbackground-color:#1f273b;\n}\n.responsive #top #wrap_all .flex_cell.av-6iefm-57de362d3c2f157bce47dd9a3b23cf13{\npadding:40px 40px 40px 40px !important;\n}\n<\/style>\n<div class='flex_cell av-6iefm-57de362d3c2f157bce47dd9a3b23cf13 av-gridrow-cell av_one_fourth no_margin  avia-builder-el-1  el_before_av_cell_one_fourth  avia-builder-el-first ' ><div class='flex_cell_inner'><p>\n<style type=\"text\/css\" data-created_by=\"avia_inline_auto\" id=\"style-css-av-vx5q-2b2f63e8d4d6b8321f7e2488cb160fbc\">\n#top .av-special-heading.av-vx5q-2b2f63e8d4d6b8321f7e2488cb160fbc{\npadding-bottom:10px;\ncolor:#ffffff;\n}\nbody .av-special-heading.av-vx5q-2b2f63e8d4d6b8321f7e2488cb160fbc .av-special-heading-tag .heading-char{\nfont-size:25px;\n}\n.av-special-heading.av-vx5q-2b2f63e8d4d6b8321f7e2488cb160fbc .special-heading-inner-border{\nborder-color:#ffffff;\n}\n.av-special-heading.av-vx5q-2b2f63e8d4d6b8321f7e2488cb160fbc .av-subheading{\nfont-size:15px;\n}\n<\/style>\n<div  class='av-special-heading av-vx5q-2b2f63e8d4d6b8321f7e2488cb160fbc av-special-heading-h4 custom-color-heading  avia-builder-el-2  el_before_av_textblock  avia-builder-el-first '><h4 class='av-special-heading-tag'  itemprop=\"headline\"  >Kontakt<\/h4><div class=\"special-heading-border\"><div class=\"special-heading-inner-border\"><\/div><\/div><\/div><br \/>\n\n<style type=\"text\/css\" data-created_by=\"avia_inline_auto\" id=\"style-css-av-4whse-c0a09bdd75682c658ee324befc787e8b\">\n#top .av_textblock_section.av-4whse-c0a09bdd75682c658ee324befc787e8b .avia_textblock{\ncolor:Legal_weiss;\n}\n<\/style>\n<section  class='av_textblock_section av-4whse-c0a09bdd75682c658ee324befc787e8b'  itemscope=\"itemscope\" itemtype=\"https:\/\/schema.org\/CreativeWork\" ><div class='avia_textblock av_inherit_color'  itemprop=\"text\" ><p>Dr. Stefan Legal<\/p>\n<p>Facharzt f\u00fcr Mund-, Kiefer-, Gesichtschirurgie<\/p>\n<p>Plastische Operationen<\/p>\n<p>Fachzahnarzt f\u00fcr Oralchirugie<\/p>\n<p>Hemauerstra\u00dfe 1<\/p>\n<p>93047 Regensburg<\/p>\n<p>Tel.: \u00a009 41 \u2013 58 65 56 00<\/p>\n<p>Fax.: 0941 \u2013 58 65 56 01<\/p>\n<p><a href=\"mailto:info@mkgchirurgie-regensburg.de\">info@mkgchirurgie-regensburg.de<\/a><\/p>\n<\/div><\/section><br \/>\n\n<style type=\"text\/css\" data-created_by=\"avia_inline_auto\" id=\"style-css-av-4whse-1-c11f912897dfa5e9d7da858a3195c396\">\n#top .av_textblock_section.av-4whse-1-c11f912897dfa5e9d7da858a3195c396 .avia_textblock{\ncolor:Legal_weiss;\n}\n<\/style>\n<section  class='av_textblock_section av-4whse-1-c11f912897dfa5e9d7da858a3195c396'  itemscope=\"itemscope\" itemtype=\"https:\/\/schema.org\/CreativeWork\" ><div class='avia_textblock av_inherit_color'  itemprop=\"text\" ><div>\n<div>\n<div>\n<div dir=\"auto\">\n<div dir=\"ltr\"><span style=\"font-family: Arial;\">Wir sprechen auch flie\u00dfend Englisch, Rum\u00e4nisch, Russisch, Albanisch, Italienisch, Spanisch, Kurdisch und Arabisch.<br \/>\nBitte geben Sie die gew\u00fcnschte Sprache bei Ihrer Terminvereinbarung an!<\/span><\/div>\n<\/div>\n<\/div>\n<\/div>\n<\/div>\n<\/div><\/section><\/p>\n<\/div><\/div>\n<style type=\"text\/css\" data-created_by=\"avia_inline_auto\" id=\"style-css-av-4bls6-2b049151f485c80492b1cca7fba03c87\">\n.flex_cell.av-4bls6-2b049151f485c80492b1cca7fba03c87{\nvertical-align:top;\nbackground-color:#5f829e;\n}\n.responsive #top #wrap_all .flex_cell.av-4bls6-2b049151f485c80492b1cca7fba03c87{\npadding:30px 30px 30px 30px !important;\n}\n<\/style>\n<div class='flex_cell av-4bls6-2b049151f485c80492b1cca7fba03c87 av-gridrow-cell av_one_fourth no_margin  avia-builder-el-5  el_after_av_cell_one_fourth  el_before_av_cell_one_half ' ><div class='flex_cell_inner'>\n<style type=\"text\/css\" data-created_by=\"avia_inline_auto\" id=\"style-css-av-3ya2q-d502f092d8dab4155ec139490594e1a8\">\n#top .av_textblock_section.av-3ya2q-d502f092d8dab4155ec139490594e1a8 .avia_textblock{\nfont-size:13px;\ncolor:#122238;\n}\n<\/style>\n<section  class='av_textblock_section av-3ya2q-d502f092d8dab4155ec139490594e1a8'  itemscope=\"itemscope\" itemtype=\"https:\/\/schema.org\/CreativeWork\" ><div class='avia_textblock av_inherit_color'  itemprop=\"text\" ><p>Unsere modernen Praxisr\u00e4ume sind im Prinz-Luitpold-Center (HVB-Geb\u00e4ude an der Galgenbergbr\u00fccke) verkehrsg\u00fcnstig nahe dem Hauptbahnhof und dem Busbahnhof Albertstra\u00dfe gelegen.<\/p>\n<p>In der hauseigenen Tiefgarage stehen f\u00fcr unsere Patienten ausreichend Parkpl\u00e4tze zur Verf\u00fcgung. Die Einfahrt befindet sich auf der Geb\u00e4uder\u00fcckseite in der Luitpoldstra\u00dfe 4.<\/p>\n<p><a href=\"https:\/\/www.google.com\/maps\/place\/Dr.+Stefan+Legal\/@49.0135269,12.100069,17z\/data=!4m12!1m6!3m5!1s0x479fc190288aa473:0x24b06797ac666c8!2sDr.+Stefan+Legal!8m2!3d49.0135269!4d12.1022577!3m4!1s0x479fc190288aa473:0x24b06797ac666c8!8m2!3d49.0135269!4d12.1022577\" target=\"_blank\" rel=\"noopener\">GoogleMapsRoutenplaner<\/a><\/p>\n<p><span style=\"text-decoration: underline;\">Sie erreichen uns zu folgenden Praxiszeiten<br \/>\n<\/span><\/p>\n<p>Montag\u00a0\u00a0\u00a0\u00a0\u00a0\u00a0\u00a0 \u00a0 \u00a0 8.00 &#8211; 16.30 Uhr<\/p>\n<p>Dienstag\u00a0\u00a0\u00a0\u00a0\u00a0\u00a0\u00a0\u00a0\u00a0 8.00 &#8211; 18.30 Uhr<\/p>\n<p>Mittwoch\u00a0\u00a0\u00a0\u00a0\u00a0\u00a0\u00a0 \u00a0\u00a0 8.00 &#8211; 15.00 Uhr<\/p>\n<p>Donnerstag\u00a0\u00a0\u00a0\u00a0\u00a0 8.00 &#8211; 16.30 Uhr<\/p>\n<p>Freitag\u00a0\u00a0\u00a0\u00a0\u00a0\u00a0\u00a0\u00a0\u00a0\u00a0\u00a0\u00a0 8.00 &#8211; 15.00 Uhr<\/p>\n<p>und zu den \u00fcbrigen Zeiten nach Vereinbarung!<\/p>\n<p>Wir m\u00f6chten die Wartezeiten f\u00fcr unsere Patienten so kurz halten wie m\u00f6glich und bitten Sie daher &#8211; auch in dringenden F\u00e4llen &#8211; vorab telefonisch einen Termin zu vereinbaren.<\/p>\n<\/div><\/section>\n<\/div><\/div>\n<style type=\"text\/css\" data-created_by=\"avia_inline_auto\" id=\"style-css-av-35s86-e87d407e028086e115989d16c8128027\">\n.flex_cell.av-35s86-e87d407e028086e115989d16c8128027{\nvertical-align:top;\n}\n.responsive #top #wrap_all .flex_cell.av-35s86-e87d407e028086e115989d16c8128027{\npadding:0px 0px 0px 0px !important;\n}\n<\/style>\n<div class='flex_cell av-35s86-e87d407e028086e115989d16c8128027 av-gridrow-cell av_one_half no_margin  avia-builder-el-7  el_after_av_cell_one_fourth  avia-builder-el-last  av-zero-padding' ><div class='flex_cell_inner'><div class='flex_column_table av-2mvle-4a0970a1e23663f01ba2bcf0d80f9e10 sc-av_one_full av-equal-height-column-flextable'>\n<style type=\"text\/css\" data-created_by=\"avia_inline_auto\" id=\"style-css-av-2mvle-4a0970a1e23663f01ba2bcf0d80f9e10\">\n.flex_column.av-2mvle-4a0970a1e23663f01ba2bcf0d80f9e10{\n-webkit-border-radius:0px 0px 0px 0px;\n-moz-border-radius:0px 0px 0px 0px;\nborder-radius:0px 0px 0px 0px;\npadding:0px 0px 0px 0px;\n}\n<\/style>\n<div class='flex_column av-2mvle-4a0970a1e23663f01ba2bcf0d80f9e10 av_one_full  avia-builder-el-8  avia-builder-el-no-sibling  first no_margin flex_column_table_cell av-equal-height-column av-align-top av-zero-column-padding '     ><div  class='avia-slideshow av-sfifo-a7e3e3555237f063df0cb40fba3d0058 avia-slideshow-no scaling av_slideshow avia-slide-slider  avia-builder-el-9  avia-builder-el-no-sibling  av-slideshow-ui av-control-default av-slideshow-manual av-loop-once av-loop-manual-endless av-default-height-applied avia-slideshow-1' data-slideshow-options=\"{&quot;animation&quot;:&quot;slide&quot;,&quot;autoplay&quot;:false,&quot;loop_autoplay&quot;:&quot;once&quot;,&quot;interval&quot;:5,&quot;loop_manual&quot;:&quot;manual-endless&quot;,&quot;autoplay_stopper&quot;:false,&quot;noNavigation&quot;:false,&quot;bg_slider&quot;:false,&quot;keep_padding&quot;:false,&quot;hoverpause&quot;:false,&quot;show_slide_delay&quot;:0}\"  itemprop=\"image\" itemscope=\"itemscope\" itemtype=\"https:\/\/schema.org\/ImageObject\" ><ul class='avia-slideshow-inner ' style='padding-bottom: 83.860759493671%;'><li  class='avia-slideshow-slide av-sfifo-a7e3e3555237f063df0cb40fba3d0058__0  av-single-slide slide-1 slide-odd'><div data-rel='slideshow-1' class='avia-slide-wrap '   ><img decoding=\"async\" class=\"wp-image-1736 avia-img-lazy-loading-not-1736\"  src=\"https:\/\/mkgchirurgie-regensburg.de\/2016\/wp-content\/uploads\/2022\/10\/Karte.jpg\" width=\"1264\" height=\"1060\" title='Karte' alt=''  itemprop=\"thumbnailUrl\" srcset=\"https:\/\/mkgchirurgie-regensburg.de\/2016\/wp-content\/uploads\/2022\/10\/Karte.jpg 1264w, https:\/\/mkgchirurgie-regensburg.de\/2016\/wp-content\/uploads\/2022\/10\/Karte-300x252.jpg 300w, https:\/\/mkgchirurgie-regensburg.de\/2016\/wp-content\/uploads\/2022\/10\/Karte-768x644.jpg 768w, https:\/\/mkgchirurgie-regensburg.de\/2016\/wp-content\/uploads\/2022\/10\/Karte-1030x864.jpg 1030w, https:\/\/mkgchirurgie-regensburg.de\/2016\/wp-content\/uploads\/2022\/10\/Karte-705x591.jpg 705w, https:\/\/mkgchirurgie-regensburg.de\/2016\/wp-content\/uploads\/2022\/10\/Karte-450x377.jpg 450w\" sizes=\"(max-width: 1264px) 100vw, 1264px\" \/><\/div><\/li><\/ul><\/div><\/div><\/div><!--close column table wrapper. Autoclose: 1 -->\n<\/div><\/div><\/div>\n","protected":false},"excerpt":{"rendered":"","protected":false},"author":1,"featured_media":0,"parent":0,"menu_order":0,"comment_status":"closed","ping_status":"closed","template":"","meta":[],"_links":{"self":[{"href":"https:\/\/mkgchirurgie-regensburg.de\/2016\/wp-json\/wp\/v2\/pages\/10"}],"collection":[{"href":"https:\/\/mkgchirurgie-regensburg.de\/2016\/wp-json\/wp\/v2\/pages"}],"about":[{"href":"https:\/\/mkgchirurgie-regensburg.de\/2016\/wp-json\/wp\/v2\/types\/page"}],"author":[{"embeddable":true,"href":"https:\/\/mkgchirurgie-regensburg.de\/2016\/wp-json\/wp\/v2\/users\/1"}],"replies":[{"embeddable":true,"href":"https:\/\/mkgchirurgie-regensburg.de\/2016\/wp-json\/wp\/v2\/comments?post=10"}],"version-history":[{"count":64,"href":"https:\/\/mkgchirurgie-regensburg.de\/2016\/wp-json\/wp\/v2\/pages\/10\/revisions"}],"predecessor-version":[{"id":1862,"href":"https:\/\/mkgchirurgie-regensburg.de\/2016\/wp-json\/wp\/v2\/pages\/10\/revisions\/1862"}],"wp:attachment":[{"href":"https:\/\/mkgchirurgie-regensburg.de\/2016\/wp-json\/wp\/v2\/media?parent=10"}],"curies":[{"name":"wp","href":"https:\/\/api.w.org\/{rel}","templated":true}]}}