{"id":12,"date":"2016-02-22T15:20:38","date_gmt":"2016-02-22T14:20:38","guid":{"rendered":"https:\/\/mkgchirurgie-regensburg.de\/2016\/?page_id=12"},"modified":"2020-04-24T11:05:08","modified_gmt":"2020-04-24T09:05:08","slug":"impressum","status":"publish","type":"page","link":"https:\/\/mkgchirurgie-regensburg.de\/2016\/impressum\/","title":{"rendered":"Impressum"},"content":{"rendered":"<div id='av-layout-grid-1'  class='av-layout-grid-container av-6ji68-d15b9c5b7ca1b0e988e6bd94a79eeb9f entry-content-wrapper main_color av-flex-cells  avia-builder-el-0  avia-builder-el-no-sibling   container_wrap sidebar_right'  >\n\n<style type=\"text\/css\" data-created_by=\"avia_inline_auto\" id=\"style-css-av-5jqr0-d40907d26d6847e78ccfbb8e60f3b501\">\n.flex_cell.av-5jqr0-d40907d26d6847e78ccfbb8e60f3b501{\nvertical-align:top;\nbackground-color:#1f273b;\n}\n.responsive #top #wrap_all .flex_cell.av-5jqr0-d40907d26d6847e78ccfbb8e60f3b501{\npadding:50px 20px 20px 20px !important;\n}\n<\/style>\n<div class='flex_cell av-5jqr0-d40907d26d6847e78ccfbb8e60f3b501 av-gridrow-cell av_one_fourth no_margin  avia-builder-el-1  el_before_av_cell_three_fourth  avia-builder-el-first ' ><div class='flex_cell_inner'><p>\n<style type=\"text\/css\" data-created_by=\"avia_inline_auto\" id=\"style-css-av-av_heading-cb2e83b3a04b0405ef3d757acfc3767b\">\n#top .av-special-heading.av-av_heading-cb2e83b3a04b0405ef3d757acfc3767b{\npadding-bottom:40px;\ncolor:#ffffff;\n}\nbody .av-special-heading.av-av_heading-cb2e83b3a04b0405ef3d757acfc3767b .av-special-heading-tag .heading-char{\nfont-size:25px;\n}\n.av-special-heading.av-av_heading-cb2e83b3a04b0405ef3d757acfc3767b .special-heading-inner-border{\nborder-color:#ffffff;\n}\n.av-special-heading.av-av_heading-cb2e83b3a04b0405ef3d757acfc3767b .av-subheading{\nfont-size:15px;\n}\n<\/style>\n<div  class='av-special-heading av-av_heading-cb2e83b3a04b0405ef3d757acfc3767b av-special-heading-h4 custom-color-heading  avia-builder-el-2  el_before_av_textblock  avia-builder-el-first '><h4 class='av-special-heading-tag'  itemprop=\"headline\"  >Impressum \/ Anbieterkennzeichnung nach \u00a7 5 Telemediengesetz<\/h4><div class=\"special-heading-border\"><div class=\"special-heading-inner-border\"><\/div><\/div><\/div><br \/>\n\n<style type=\"text\/css\" data-created_by=\"avia_inline_auto\" id=\"style-css-av-4r4kw-9f04d36aabe11e4dc120ec43cc68f43d\">\n#top .av_textblock_section.av-4r4kw-9f04d36aabe11e4dc120ec43cc68f43d .avia_textblock{\nfont-size:13px;\ncolor:Legal_weiss;\n}\n<\/style>\n<section  class='av_textblock_section av-4r4kw-9f04d36aabe11e4dc120ec43cc68f43d'  itemscope=\"itemscope\" itemtype=\"https:\/\/schema.org\/CreativeWork\" ><div class='avia_textblock av_inherit_color'  itemprop=\"text\" ><p>Inhaltlich Verantwortlicher gem\u00e4\u00df \u00a76 TDG<br \/>\nHerr\u00a0Dr. Stefan Legal<\/p>\n<p>Facharzt f\u00fcr Mund-, Kiefer-, Gesichtschirurgie<\/p>\n<p>Plastische Operationen<\/p>\n<p>Fachzahnarzt f\u00fcr Oralchirurgie<\/p>\n<p>Hemauerstra\u00dfe 1<\/p>\n<p>93047 Regensburg<\/p>\n<p>Tel.: \u00a009 41 &#8211; 58 65 56 00<br \/>\nFax.: 09 41 &#8211;\u00a058 65 56 01<\/p>\n<p><a href=\"mailto:info@mkgchirurgie-regensburg.de\">info@mkgchirurgie-regensburg.de<br \/>\n<\/a><a href=\"http:\/\/www.mkgchirurgie-regensburg.de%20\">www.mkgchirurgie-regensburg.de\u00a0<\/a><\/p>\n<p>Steuernummer: 244\/244\/01389<\/p>\n<p>Bildnachweis:<\/p>\n<p>Dr. Stefan Legal<\/p>\n<p>www.md-esign.de<\/p>\n<p>iStockphoto<\/p>\n<\/div><\/section><\/p>\n<\/div><\/div>\n<style type=\"text\/css\" data-created_by=\"avia_inline_auto\" id=\"style-css-av-3qp8k-99a2de0dcc8454acf19e6f1b1ee4549b\">\n.flex_cell.av-3qp8k-99a2de0dcc8454acf19e6f1b1ee4549b{\nvertical-align:top;\n}\n.responsive #top #wrap_all .flex_cell.av-3qp8k-99a2de0dcc8454acf19e6f1b1ee4549b{\npadding:30px 30px 30px 30px !important;\n}\n<\/style>\n<div class='flex_cell av-3qp8k-99a2de0dcc8454acf19e6f1b1ee4549b av-gridrow-cell av_three_fourth no_margin  avia-builder-el-4  el_after_av_cell_one_fourth  avia-builder-el-last ' ><div class='flex_cell_inner'>\n<style type=\"text\/css\" data-created_by=\"avia_inline_auto\" id=\"style-css-av-3dzoc-fc472d2683b41ffeb7af48db253631b1\">\n.avia-content-slider-element-container.av-3dzoc-fc472d2683b41ffeb7af48db253631b1{\ncolor:#122238;\n}\n<\/style>\n<div  class='avia-content-slider-element-container av-3dzoc-fc472d2683b41ffeb7af48db253631b1 avia-content-slider-element-slider avia-content-slider avia-smallarrow-slider avia-content-slider-active avia-content-slider-odd  avia-builder-el-5  avia-builder-el-no-sibling  av-slideshow-ui av-control-default av-nav-arrows-visible av-nav-dots-visible av-no-slider-navigation av-slideshow-manual av-loop-once av-loop-manual-endless av_inherit_color avia-content-slider1' data-slideshow-options=\"{&quot;animation&quot;:&quot;slide&quot;,&quot;autoplay&quot;:false,&quot;loop_autoplay&quot;:&quot;once&quot;,&quot;interval&quot;:5,&quot;loop_manual&quot;:&quot;manual-endless&quot;,&quot;autoplay_stopper&quot;:false,&quot;noNavigation&quot;:false,&quot;bg_slider&quot;:false,&quot;keep_padding&quot;:&quot;&quot;,&quot;hoverpause&quot;:false,&quot;show_slide_delay&quot;:30}\"><div class='avia-smallarrow-slider-heading  no-content-slider-heading '><div class='new-special-heading'>&nbsp;<\/div><div class='avia-slideshow-arrows avia-slideshow-controls' ><a href='#prev' class='prev-slide ' aria-hidden='true' data-av_icon='\ue87c' data-av_iconfont='entypo-fontello'  tabindex='-1'>Zur\u00fcck<\/a><a href='#next' class='next-slide ' aria-hidden='true' data-av_icon='\ue87d' data-av_iconfont='entypo-fontello'  tabindex='-1'>Weiter<\/a><\/div><\/div><div class=\"avia-content-slider-inner\"><div class=\"slide-entry-wrap\"><section class='slide-entry av-2ybsc-b8cfdcb51f0558c9656af3f79af06362 flex_column av_fullwidth post-entry slide-entry-overview slide-loop-1 slide-parity-odd  first'  itemscope=\"itemscope\" itemtype=\"https:\/\/schema.org\/CreativeWork\" ><div class='slide-entry-excerpt entry-content'  itemprop=\"text\" ><p><strong>Gesetzliche Berufsbezeichnung<\/strong><\/p>\n<p>Arzt\u2028 und Zahnarzt<\/p>\n<p>Berufsbezeichnungen verliehen in der Bundesrepublik Deutschland<\/p>\n<hr \/>\n<p><strong>Facharztbezeichnung<\/strong><\/p>\n<p>Facharzt f\u00fcr Mund-, Kiefer-, Gesichtschirurgie verliehen durch die Bayerische Landes\u00e4rztekammer<\/p>\n<p>Zusatzbezeichnung Plastische Operationen verliehen durch die Bayerische Landes\u00e4rztekammer<\/p>\n<p>Fachzahnarzt f\u00fcr Oralchirurgie verliehen durch die Bayerische Landeszahn\u00e4rztekammer<\/p>\n<hr \/>\n<p><strong>Zust\u00e4ndige Kammern<\/strong><\/p>\n<p>Bayerische Landes\u00e4rztekammer<br \/>\nBayerische Landeszahn\u00e4rztekammer<\/p>\n<hr \/>\n<p><strong>Zust\u00e4ndige Aufsichtsbeh\u00f6rden<\/strong><\/p>\n<p>Kassen\u00e4rztliche Vereinigung Bayerns<\/p>\n<p>Kassenzahn\u00e4rztliche Vereinigung Bayerns<\/p>\n<\/div><\/section><\/div><div class=\"slide-entry-wrap\"><section class='slide-entry av-1v4d8-0c674e8ab8defd9953ef008be193aabf flex_column av_fullwidth post-entry slide-entry-overview slide-loop-2 slide-parity-odd  first'  itemscope=\"itemscope\" itemtype=\"https:\/\/schema.org\/CreativeWork\" ><div class='slide-entry-excerpt entry-content'  itemprop=\"text\" ><p><strong>Geltendes Berufsrecht<br \/>\n<\/strong>Berufsordnung f\u00fcr die bayerischen \u00c4rzte<\/p>\n<p>Berufsordnung f\u00fcr die bayerischen Zahn\u00e4rzte<\/p>\n<p>Gesetz \u00fcber die Aus\u00fcbung der Zahnheilkunde \/ Zahnheilkundegesetz<\/p>\n<p>Heilberufe-Kammergesetz<\/p>\n<p>Geb\u00fchrenordnung f\u00fcr \u00c4rzte<\/p>\n<p>Geb\u00fchrenordnung f\u00fcr Zahn\u00e4rzte (GOZ 2012)<\/p>\n<p>Haftpflichtversicherung:<br \/>\nGenerali Versicherung AG<br \/>\nSitz: M\u00fcnchen, Amtsgericht M\u00fcnchen HRB 177658<\/p>\n<hr \/>\n<p><strong>Mitgliedschaften<\/strong><\/p>\n<p>DGMKG, Deutsche Gesellschaft f\u00fcr Mund-, Kiefer und Gesichtschirurgie e.V.<br \/>\nDGZMK, Deutsche Gesellschaft f\u00fcr Zahn-, Mund- und Kieferheilkunde<br \/>\nAGKi, Arbeitsgemeinschaft f\u00fcr Kieferchirurgie<\/p>\n<\/div><\/section><\/div><div class=\"slide-entry-wrap\"><section class='slide-entry av-1q67c-231260606202f62c5ff90682b980edf2 flex_column av_fullwidth post-entry slide-entry-overview slide-loop-3 slide-parity-odd  first'  itemscope=\"itemscope\" itemtype=\"https:\/\/schema.org\/CreativeWork\" ><h3 class='slide-entry-title entry-title '  itemprop=\"headline\" >Haftungsausschluss<\/h3><div class='slide-entry-excerpt entry-content'  itemprop=\"text\" ><p>Haftungsausschluss<\/p>\n<p>1. Inhalt des Onlineangebots<br \/>\nDer Autor \u00fcbernimmt keinerlei Gew\u00e4hr f\u00fcr die Aktualit\u00e4t, Korrektheit, Vollst\u00e4ndigkeit oder Qualit\u00e4t der bereitgestellten Informationen. Haftungsanspr\u00fcche gegen den Autor, welche sich auf Sch\u00e4den materieller oder ideeller Art beziehen, die durch die Nutzung oder Nichtnutzung der dargebotenen Informationen bzw. durch die Nutzung fehlerhafter und unvollst\u00e4ndiger Informationen verursacht wurden, sind grunds\u00e4tzlich ausgeschlossen, sofern seitens des Autors kein nachweislich vors\u00e4tzliches oder grob fahrl\u00e4ssiges Verschulden vorliegt. Alle Angebote sind freibleibend und unverbindlich. Der Autor beh\u00e4lt es sich ausdr\u00fccklich vor, Teile der Seiten oder das gesamte Angebot ohne gesonderte Ank\u00fcndigung zu ver\u00e4ndern, zu erg\u00e4nzen, zu l\u00f6schen oder die Ver\u00f6ffentlichung zeitweise oder endg\u00fcltig einzustellen.<br \/>\n2. Verweise und Links<br \/>\nBei direkten oder indirekten Verweisen auf fremde Webseiten (\u201aHyperlinks\u2018), die au\u00dferhalb des Verantwortungsbereiches des Autors liegen, w\u00fcrde eine Haftungsverpflichtung ausschlie\u00dflich in dem Fall in Kraft treten, in dem der Autor von den Inhalten Kenntnis hat und es ihm technisch m\u00f6glich und zumutbar w\u00e4re, die Nutzung im Falle rechtswidriger Inhalte zu verhindern. Der Autor erkl\u00e4rt hiermit ausdr\u00fccklich, dass zum Zeitpunkt der Linksetzung keine illegalen Inhalte auf den zu verlinkenden Seiten erkennbar waren. Auf die aktuelle und zuk\u00fcnftige Gestaltung, die Inhalte oder die Urheberschaft der gelinkten\/verkn\u00fcpften Seiten hat der Autor keinerlei Einfluss. Deshalb distanziert er sich hiermit ausdr\u00fccklich von allen Inhalten aller gelinkten\/verkn\u00fcpften Seiten, die nach der Linksetzung ver\u00e4ndert wurden. Diese Feststellung gilt f\u00fcr alle innerhalb des eigenen Internetangebotes gesetzten Links und Verweise sowie f\u00fcr Fremdeintr\u00e4ge in vom Autor eingerichteten G\u00e4steb\u00fcchern, Diskussionsforen, Linkverzeichnissen, Mailinglisten und in allen anderen Formen von Datenbanken, auf deren Inhalt externe Schreibzugriffe m\u00f6glich sind. F\u00fcr illegale, fehlerhafte oder unvollst\u00e4ndige Inhalte und insbesondere f\u00fcr Sch\u00e4den, die aus der Nutzung oder Nichtnutzung solcherart dargebotener Informationen entstehen, haftet allein der Anbieter der Seite, auf welche verwiesen wurde, nicht derjenige, der \u00fcber Links auf die jeweilige Ver\u00f6ffentlichung lediglich verweist.<br \/>\n3. Urheber- und Kennzeichenrecht<br \/>\nDer Autor ist bestrebt, in allen Publikationen die Urheberrechte der verwendeten Grafiken, Tondokumente, Videosequenzen und Texte zu beachten, von ihm selbst erstellte Grafiken, Tondokumente, Videosequenzen und Texte zu nutzen oder auf lizenzfreie Grafiken, Tondokumente, Videosequenzen und Texte zur\u00fcckzugreifen. Alle innerhalb des Internetangebotes genannten und ggf. durch Dritte gesch\u00fctzten Marken- und Warenzeichen unterliegen uneingeschr\u00e4nkt den Bestimmungen des jeweils g\u00fcltigen Kennzeichenrechts und den Besitzrechten der jeweiligen eingetragenen Eigent\u00fcmer. Allein aufgrund der blo\u00dfen Nennung ist nicht der Schluss zu ziehen, dass Markenzeichen nicht durch Rechte Dritter gesch\u00fctzt sind! Das Copyright f\u00fcr ver\u00f6ffentlichte, vom Autor selbst erstellte Objekte bleibt allein beim Autor der Seiten. Eine Vervielf\u00e4ltigung oder Verwendung solcher Grafiken, Tondokumente, Videosequenzen und Texte in anderen elektronischen oder gedruckten Publikationen ist ohne ausdr\u00fcckliche Zustimmung des Autors nicht gestattet.<br \/>\n4. Datenschutz<br \/>\nSofern innerhalb des Internetangebotes die M\u00f6glichkeit zur Eingabe pers\u00f6nlicher oder gesch\u00e4ftlicher Daten (E-Mail-Adressen, Namen, Anschriften) besteht, so erfolgt die Preisgabe dieser Daten seitens des Nutzers auf ausdr\u00fccklich freiwilliger Basis. Die Inanspruchnahme und Bezahlung aller angebotenen Dienste ist \u2013 soweit technisch m\u00f6glich und zumutbar \u2013 auch ohne Angabe solcher Daten bzw. unter Angabe anonymisierter Daten oder eines Pseudonyms gestattet. Die Nutzung der im Rahmen des Impressums oder vergleichbarer Angaben ver\u00f6ffentlichten Kontaktdaten wie Postanschriften, Telefon- und Faxnummern sowie E-Mail-Adressen durch Dritte zur \u00dcbersendung von nicht ausdr\u00fccklich angeforderten Informationen ist nicht gestattet. Rechtliche Schritte gegen die Versender von so genannten Spam-Mails bei Verst\u00f6\u00dfen gegen dieses Verbot sind ausdr\u00fccklich vorbehalten.<\/p>\n<p>5. Rechtswirksamkeit dieses Haftungsausschlusses<br \/>\nDieser Haftungsausschluss ist als Teil des Internetangebotes zu betrachten, von dem aus auf diese Seite verwiesen wurde. Sofern Teile oder einzelne Formulierungen dieses Textes der geltenden Rechtslage nicht, nicht mehr oder nicht vollst\u00e4ndig entsprechen sollten, bleiben die \u00fcbrigen Teile des Dokumentes in ihrem Inhalt und ihrer G\u00fcltigkeit davon unber\u00fchrt.<\/p>\n<\/div><\/section><\/div><div class=\"slide-entry-wrap\"><section class='slide-entry av-ylzw-52694f2f51e2819a78f4cc2a23592589 flex_column av_fullwidth post-entry slide-entry-overview slide-loop-4 slide-parity-odd  post-entry-last  first'  itemscope=\"itemscope\" itemtype=\"https:\/\/schema.org\/CreativeWork\" ><div class='slide-entry-excerpt entry-content'  itemprop=\"text\" ><p><strong>Webdesign &amp; Realisierung:<\/strong><\/p>\n<p>md-esign<\/p>\n<p>Marcel Drescher<br \/>\nDipl. Ing. (FH) Fachbereich Innenarchitektur<\/p>\n<p>Volker-Coiter-Stra\u00dfe 6<br \/>\n90482 N\u00fcrnberg<br \/>\n<b>Telefon<\/b>\u00a00049 (0) 9 11. 32 23 24 23<br \/>\n<b>Telefax<\/b>\u00a00049 (0) 9 11. 32 38 29 68<br \/>\n<b>Web<\/b>\u00a0<a href=\"http:\/\/www.md-esign.de\/\">www.md-esign.de<\/a><br \/>\n<b>E-Mail<\/b>\u00a0<a href=\"mailto:info@md-esign.de\">info@md-esign.de<\/a><\/p>\n<\/div><\/section><\/div><\/div><\/div>\n<\/div><\/div><\/div>\n","protected":false},"excerpt":{"rendered":"","protected":false},"author":1,"featured_media":0,"parent":0,"menu_order":0,"comment_status":"closed","ping_status":"closed","template":"","meta":[],"_links":{"self":[{"href":"https:\/\/mkgchirurgie-regensburg.de\/2016\/wp-json\/wp\/v2\/pages\/12"}],"collection":[{"href":"https:\/\/mkgchirurgie-regensburg.de\/2016\/wp-json\/wp\/v2\/pages"}],"about":[{"href":"https:\/\/mkgchirurgie-regensburg.de\/2016\/wp-json\/wp\/v2\/types\/page"}],"author":[{"embeddable":true,"href":"https:\/\/mkgchirurgie-regensburg.de\/2016\/wp-json\/wp\/v2\/users\/1"}],"replies":[{"embeddable":true,"href":"https:\/\/mkgchirurgie-regensburg.de\/2016\/wp-json\/wp\/v2\/comments?post=12"}],"version-history":[{"count":47,"href":"https:\/\/mkgchirurgie-regensburg.de\/2016\/wp-json\/wp\/v2\/pages\/12\/revisions"}],"predecessor-version":[{"id":1586,"href":"https:\/\/mkgchirurgie-regensburg.de\/2016\/wp-json\/wp\/v2\/pages\/12\/revisions\/1586"}],"wp:attachment":[{"href":"https:\/\/mkgchirurgie-regensburg.de\/2016\/wp-json\/wp\/v2\/media?parent=12"}],"curies":[{"name":"wp","href":"https:\/\/api.w.org\/{rel}","templated":true}]}}