{"id":855,"date":"2016-03-23T10:32:02","date_gmt":"2016-03-23T09:32:02","guid":{"rendered":"https:\/\/mkgchirurgie-regensburg.de\/2016\/?page_id=855"},"modified":"2016-09-26T12:40:21","modified_gmt":"2016-09-26T10:40:21","slug":"implantatchirurgie-und-kieferknochenaufbau","status":"publish","type":"page","link":"https:\/\/mkgchirurgie-regensburg.de\/2016\/implantatchirurgie-und-kieferknochenaufbau\/","title":{"rendered":"Implantatchirurgie und Kieferknochenaufbau"},"content":{"rendered":"<div id='av-layout-grid-1'  class='av-layout-grid-container av-av_layout_row-caf1f26e08707a2ebe9176b630e736c2 entry-content-wrapper main_color av-flex-cells  avia-builder-el-0  avia-builder-el-no-sibling   container_wrap sidebar_right'  >\n\n<style type=\"text\/css\" data-created_by=\"avia_inline_auto\" id=\"style-css-av-av_cell_one_fourth-e559c1f9032b45c2ba9ae25aa7867189\">\n.flex_cell.av-av_cell_one_fourth-e559c1f9032b45c2ba9ae25aa7867189{\nvertical-align:top;\nbackground-color:#1f273b;\n}\n.responsive #top #wrap_all .flex_cell.av-av_cell_one_fourth-e559c1f9032b45c2ba9ae25aa7867189{\npadding:40px 40px 40px 40px !important;\n}\n<\/style>\n<div class='flex_cell av-av_cell_one_fourth-e559c1f9032b45c2ba9ae25aa7867189 av-gridrow-cell av_one_fourth no_margin  avia-builder-el-1  el_before_av_cell_one_fourth  avia-builder-el-first ' ><div class='flex_cell_inner'><p>\n<style type=\"text\/css\" data-created_by=\"avia_inline_auto\" id=\"style-css-av-av_heading-23cb46ef5b29f9a07fb262da80260a59\">\n#top .av-special-heading.av-av_heading-23cb46ef5b29f9a07fb262da80260a59{\npadding-bottom:40px;\ncolor:#ffffff;\n}\nbody .av-special-heading.av-av_heading-23cb46ef5b29f9a07fb262da80260a59 .av-special-heading-tag .heading-char{\nfont-size:25px;\n}\n.av-special-heading.av-av_heading-23cb46ef5b29f9a07fb262da80260a59 .special-heading-inner-border{\nborder-color:#ffffff;\n}\n.av-special-heading.av-av_heading-23cb46ef5b29f9a07fb262da80260a59 .av-subheading{\nfont-size:15px;\n}\n<\/style>\n<div  class='av-special-heading av-av_heading-23cb46ef5b29f9a07fb262da80260a59 av-special-heading-h4 custom-color-heading  avia-builder-el-2  el_before_av_textblock  avia-builder-el-first '><h4 class='av-special-heading-tag'  itemprop=\"headline\"  >Leistungsspektrum<\/h4><div class=\"special-heading-border\"><div class=\"special-heading-inner-border\"><\/div><\/div><\/div><br \/>\n\n<style type=\"text\/css\" data-created_by=\"avia_inline_auto\" id=\"style-css-av-av_textblock-0495ba487d93331d0a255e1072a23468\">\n#top .av_textblock_section.av-av_textblock-0495ba487d93331d0a255e1072a23468 .avia_textblock{\ncolor:#ffffff;\n}\n<\/style>\n<section  class='av_textblock_section av-av_textblock-0495ba487d93331d0a255e1072a23468'  itemscope=\"itemscope\" itemtype=\"https:\/\/schema.org\/CreativeWork\" ><div class='avia_textblock av_inherit_color'  itemprop=\"text\" ><div>\n<p><a href=\"https:\/\/mkgchirurgie-regensburg.de\/2016\/?p=852\">DENTOALVEOL\u00c4RE CHIRURGIE<\/a><\/p>\n<p><strong>IMPLANTATCHIRURGIE UND\u00a0KIEFERKNOCHENAUFBAU<\/strong><\/p>\n<p><a href=\"https:\/\/mkgchirurgie-regensburg.de\/2016\/?p=858\">HAUTCHIRURGIE<\/a><\/p>\n<p><a href=\"https:\/\/mkgchirurgie-regensburg.de\/2016\/?p=861\">PLASTISCH \u00c4STHETISCHE EINGRIFFE<\/a><\/p>\n<p><a href=\"https:\/\/mkgchirurgie-regensburg.de\/2016\/?p=864\">TRAUMA<\/a><\/p>\n<p><a href=\"https:\/\/mkgchirurgie-regensburg.de\/2016\/?p=867\">TUMOREN DER MUNDH\u00d6HLE<\/a><\/p>\n<p><a href=\"https:\/\/mkgchirurgie-regensburg.de\/2016\/?p=870\">SPEICHELDR\u00dcSENERKRANKUNGEN<\/a><\/p>\n<p><a href=\"https:\/\/mkgchirurgie-regensburg.de\/2016\/?p=873\">KIEFERH\u00d6HLENERKRANKUNGEN<\/a><\/p>\n<p><a href=\"https:\/\/mkgchirurgie-regensburg.de\/2016\/?p=876\">PLASTISCHE REKONSTRUKTION<\/a><\/p>\n<p><a href=\"https:\/\/mkgchirurgie-regensburg.de\/2016\/?p=879\">NARKOSE<\/a><\/p>\n<p><a href=\"https:\/\/mkgchirurgie-regensburg.de\/2016\/?p=882\">DIAGNOSTIK<\/a><\/p>\n<p><a href=\"https:\/\/mkgchirurgie-regensburg.de\/2016\/?p=1083\">KORREKTUR VON KIEFERFEHLSTELLUNGEN<\/a><\/p>\n<p><a href=\"https:\/\/mkgchirurgie-regensburg.de\/2016\/lippen-kiefer-gaumenspalten\/\">LIPPEN-KIEFER-GAUMENSPALTEN<\/a><\/p>\n<\/div>\n<\/div><\/section><\/p>\n<\/div><\/div>\n<style type=\"text\/css\" data-created_by=\"avia_inline_auto\" id=\"style-css-av-av_cell_one_fourth-4fa7537e97d7d9482bb729a12cad7dfd\">\n.flex_cell.av-av_cell_one_fourth-4fa7537e97d7d9482bb729a12cad7dfd{\nvertical-align:top;\nbackground-color:#5f829e;\n}\n.responsive #top #wrap_all .flex_cell.av-av_cell_one_fourth-4fa7537e97d7d9482bb729a12cad7dfd{\npadding:30px 30px 30px 30px !important;\n}\n<\/style>\n<div class='flex_cell av-av_cell_one_fourth-4fa7537e97d7d9482bb729a12cad7dfd av-gridrow-cell av_one_fourth no_margin  avia-builder-el-4  el_after_av_cell_one_fourth  el_before_av_cell_one_half  avia-full-stretch' ><div class='flex_cell_inner'>\n<style type=\"text\/css\" data-created_by=\"avia_inline_auto\" id=\"style-css-av-av_textblock-0973bf8a928a921faface2205b8e53b4\">\n#top .av_textblock_section.av-av_textblock-0973bf8a928a921faface2205b8e53b4 .avia_textblock{\ncolor:#122238;\n}\n<\/style>\n<section  class='av_textblock_section av-av_textblock-0973bf8a928a921faface2205b8e53b4'  itemscope=\"itemscope\" itemtype=\"https:\/\/schema.org\/CreativeWork\" ><div class='avia_textblock av_inherit_color'  itemprop=\"text\" ><p><strong>Implantatchirurgie und Kieferknochenaufbau<\/strong><\/p>\n<p>Die Wiederherstellung der Kaufunktion durch das Einsetzen von Dentalimplantaten zum Ersatz verlorengegangener Z\u00e4hne oder zur Verbesserung des Haltes von Zahnersatz f\u00fchrt in der Regel zu einer enormen Verbesserung der Lebensqualit\u00e4t. Wir arbeiten mit Implantatsystemen verschiedener Hersteller. Die Auswahl des f\u00fcr Sie passenden Systems erfolgt in Abstimmung mit Ihrem behandelnden Zahnarzt.<\/p>\n<p>Sofern notwendig wird im Vorfeld oder im Rahmen der Implantation der Kieferknochen durch Auflagerung eigenen Knochens oder Knochenersatzmaterials aufgebaut, um dem Implantat gen\u00fcgend Verankerungsm\u00f6glichkeit zu geben. Im Oberkiefer kann hierzu eine Anhebung des Kieferh\u00f6hlenbodens (Sinuslift) hilfreich sein.<\/p>\n<\/div><\/section>\n<\/div><\/div>\n<style type=\"text\/css\" data-created_by=\"avia_inline_auto\" id=\"style-css-av-av_cell_one_half-78e0861a4cfde17a0622063d49e21d7f\">\n.flex_cell.av-av_cell_one_half-78e0861a4cfde17a0622063d49e21d7f{\nvertical-align:top;\n}\n.responsive #top #wrap_all .flex_cell.av-av_cell_one_half-78e0861a4cfde17a0622063d49e21d7f{\npadding:0px 0px 0px 0px !important;\n}\n<\/style>\n<div class='flex_cell av-av_cell_one_half-78e0861a4cfde17a0622063d49e21d7f av-gridrow-cell av_one_half no_margin  avia-builder-el-6  el_after_av_cell_one_fourth  avia-builder-el-last  av-zero-padding' ><div class='flex_cell_inner'><div  class='avia-slideshow av-av_slideshow-1a42e31ff53dfe65dbabc2f33a0bcf59 avia-slideshow-no scaling av_slideshow avia-slide-slider  avia-builder-el-7  avia-builder-el-no-sibling  av-slideshow-ui av-slideshow-manual av-loop-once av-loop-manual-endless av-default-height-applied avia-slideshow-1' data-slideshow-options=\"{&quot;animation&quot;:&quot;slide&quot;,&quot;autoplay&quot;:false,&quot;loop_autoplay&quot;:&quot;once&quot;,&quot;interval&quot;:5,&quot;loop_manual&quot;:&quot;manual-endless&quot;,&quot;autoplay_stopper&quot;:false,&quot;noNavigation&quot;:false,&quot;bg_slider&quot;:false,&quot;keep_padding&quot;:false,&quot;hoverpause&quot;:false,&quot;show_slide_delay&quot;:0}\"  itemprop=\"image\" itemscope=\"itemscope\" itemtype=\"https:\/\/schema.org\/ImageObject\" ><ul class='avia-slideshow-inner ' style='padding-bottom: 100%;'><li  class='avia-slideshow-slide av-av_slideshow-1a42e31ff53dfe65dbabc2f33a0bcf59__0  av-single-slide slide-1 slide-odd'><div data-rel='slideshow-1' class='avia-slide-wrap '   ><img decoding=\"async\" class=\"wp-image-1307 avia-img-lazy-loading-not-1307\"  src=\"https:\/\/mkgchirurgie-regensburg.de\/2016\/wp-content\/uploads\/2016\/03\/Dr.-Stefan-Legal_Praxis_27.jpg\" width=\"1030\" height=\"1030\" title='Dr.-Stefan-Legal_Praxis_27' alt=''  itemprop=\"thumbnailUrl\" srcset=\"https:\/\/mkgchirurgie-regensburg.de\/2016\/wp-content\/uploads\/2016\/03\/Dr.-Stefan-Legal_Praxis_27.jpg 1030w, https:\/\/mkgchirurgie-regensburg.de\/2016\/wp-content\/uploads\/2016\/03\/Dr.-Stefan-Legal_Praxis_27-80x80.jpg 80w, https:\/\/mkgchirurgie-regensburg.de\/2016\/wp-content\/uploads\/2016\/03\/Dr.-Stefan-Legal_Praxis_27-300x300.jpg 300w, https:\/\/mkgchirurgie-regensburg.de\/2016\/wp-content\/uploads\/2016\/03\/Dr.-Stefan-Legal_Praxis_27-768x768.jpg 768w, https:\/\/mkgchirurgie-regensburg.de\/2016\/wp-content\/uploads\/2016\/03\/Dr.-Stefan-Legal_Praxis_27-36x36.jpg 36w, https:\/\/mkgchirurgie-regensburg.de\/2016\/wp-content\/uploads\/2016\/03\/Dr.-Stefan-Legal_Praxis_27-180x180.jpg 180w, https:\/\/mkgchirurgie-regensburg.de\/2016\/wp-content\/uploads\/2016\/03\/Dr.-Stefan-Legal_Praxis_27-705x705.jpg 705w, https:\/\/mkgchirurgie-regensburg.de\/2016\/wp-content\/uploads\/2016\/03\/Dr.-Stefan-Legal_Praxis_27-120x120.jpg 120w, https:\/\/mkgchirurgie-regensburg.de\/2016\/wp-content\/uploads\/2016\/03\/Dr.-Stefan-Legal_Praxis_27-450x450.jpg 450w\" sizes=\"(max-width: 1030px) 100vw, 1030px\" \/><\/div><\/li><\/ul><\/div>\n<\/div><\/div><\/div>\n","protected":false},"excerpt":{"rendered":"","protected":false},"author":1,"featured_media":0,"parent":0,"menu_order":0,"comment_status":"open","ping_status":"open","template":"","meta":[],"_links":{"self":[{"href":"https:\/\/mkgchirurgie-regensburg.de\/2016\/wp-json\/wp\/v2\/pages\/855"}],"collection":[{"href":"https:\/\/mkgchirurgie-regensburg.de\/2016\/wp-json\/wp\/v2\/pages"}],"about":[{"href":"https:\/\/mkgchirurgie-regensburg.de\/2016\/wp-json\/wp\/v2\/types\/page"}],"author":[{"embeddable":true,"href":"https:\/\/mkgchirurgie-regensburg.de\/2016\/wp-json\/wp\/v2\/users\/1"}],"replies":[{"embeddable":true,"href":"https:\/\/mkgchirurgie-regensburg.de\/2016\/wp-json\/wp\/v2\/comments?post=855"}],"version-history":[{"count":25,"href":"https:\/\/mkgchirurgie-regensburg.de\/2016\/wp-json\/wp\/v2\/pages\/855\/revisions"}],"predecessor-version":[{"id":1406,"href":"https:\/\/mkgchirurgie-regensburg.de\/2016\/wp-json\/wp\/v2\/pages\/855\/revisions\/1406"}],"wp:attachment":[{"href":"https:\/\/mkgchirurgie-regensburg.de\/2016\/wp-json\/wp\/v2\/media?parent=855"}],"curies":[{"name":"wp","href":"https:\/\/api.w.org\/{rel}","templated":true}]}}