{"id":858,"date":"2016-03-23T10:33:08","date_gmt":"2016-03-23T09:33:08","guid":{"rendered":"https:\/\/mkgchirurgie-regensburg.de\/2016\/?page_id=858"},"modified":"2018-05-09T13:45:57","modified_gmt":"2018-05-09T11:45:57","slug":"hautchirurgie","status":"publish","type":"page","link":"https:\/\/mkgchirurgie-regensburg.de\/2016\/hautchirurgie\/","title":{"rendered":"Hautchirurgie"},"content":{"rendered":"<div id='av-layout-grid-1'  class='av-layout-grid-container av-av_layout_row-caf1f26e08707a2ebe9176b630e736c2 entry-content-wrapper main_color av-flex-cells  avia-builder-el-0  avia-builder-el-no-sibling   container_wrap sidebar_right'  >\n\n<style type=\"text\/css\" data-created_by=\"avia_inline_auto\" id=\"style-css-av-av_cell_one_fourth-e559c1f9032b45c2ba9ae25aa7867189\">\n.flex_cell.av-av_cell_one_fourth-e559c1f9032b45c2ba9ae25aa7867189{\nvertical-align:top;\nbackground-color:#1f273b;\n}\n.responsive #top #wrap_all .flex_cell.av-av_cell_one_fourth-e559c1f9032b45c2ba9ae25aa7867189{\npadding:40px 40px 40px 40px !important;\n}\n<\/style>\n<div class='flex_cell av-av_cell_one_fourth-e559c1f9032b45c2ba9ae25aa7867189 av-gridrow-cell av_one_fourth no_margin  avia-builder-el-1  el_before_av_cell_one_fourth  avia-builder-el-first ' ><div class='flex_cell_inner'><p>\n<style type=\"text\/css\" data-created_by=\"avia_inline_auto\" id=\"style-css-av-av_heading-23cb46ef5b29f9a07fb262da80260a59\">\n#top .av-special-heading.av-av_heading-23cb46ef5b29f9a07fb262da80260a59{\npadding-bottom:40px;\ncolor:#ffffff;\n}\nbody .av-special-heading.av-av_heading-23cb46ef5b29f9a07fb262da80260a59 .av-special-heading-tag .heading-char{\nfont-size:25px;\n}\n.av-special-heading.av-av_heading-23cb46ef5b29f9a07fb262da80260a59 .special-heading-inner-border{\nborder-color:#ffffff;\n}\n.av-special-heading.av-av_heading-23cb46ef5b29f9a07fb262da80260a59 .av-subheading{\nfont-size:15px;\n}\n<\/style>\n<div  class='av-special-heading av-av_heading-23cb46ef5b29f9a07fb262da80260a59 av-special-heading-h4 custom-color-heading  avia-builder-el-2  el_before_av_textblock  avia-builder-el-first '><h4 class='av-special-heading-tag'  itemprop=\"headline\"  >Leistungsspektrum<\/h4><div class=\"special-heading-border\"><div class=\"special-heading-inner-border\"><\/div><\/div><\/div><br \/>\n\n<style type=\"text\/css\" data-created_by=\"avia_inline_auto\" id=\"style-css-av-av_textblock-0495ba487d93331d0a255e1072a23468\">\n#top .av_textblock_section.av-av_textblock-0495ba487d93331d0a255e1072a23468 .avia_textblock{\ncolor:#ffffff;\n}\n<\/style>\n<section  class='av_textblock_section av-av_textblock-0495ba487d93331d0a255e1072a23468'  itemscope=\"itemscope\" itemtype=\"https:\/\/schema.org\/CreativeWork\" ><div class='avia_textblock av_inherit_color'  itemprop=\"text\" ><div>\n<p><a href=\"https:\/\/mkgchirurgie-regensburg.de\/2016\/?p=852\">DENTOALVEOL\u00c4RE CHIRURGIE<\/a><\/p>\n<p><a href=\"https:\/\/mkgchirurgie-regensburg.de\/2016\/?p=855\">IMPLANTATCHIRURGIE UND\u00a0KIEFERKNOCHENAUFBAU<\/a><\/p>\n<p><strong>HAUTCHIRURGIE<\/strong><\/p>\n<p><a href=\"https:\/\/mkgchirurgie-regensburg.de\/2016\/?p=861\">PLASTISCH \u00c4STHETISCHE EINGRIFFE<\/a><\/p>\n<p><a href=\"https:\/\/mkgchirurgie-regensburg.de\/2016\/?p=864\">TRAUMA<\/a><\/p>\n<p><a href=\"https:\/\/mkgchirurgie-regensburg.de\/2016\/?p=867\">TUMOREN DER MUNDH\u00d6HLE<\/a><\/p>\n<p><a href=\"https:\/\/mkgchirurgie-regensburg.de\/2016\/?p=870\">SPEICHELDR\u00dcSENERKRANKUNGEN<\/a><\/p>\n<p><a href=\"https:\/\/mkgchirurgie-regensburg.de\/2016\/?p=873\">KIEFERH\u00d6HLENERKRANKUNGEN<\/a><\/p>\n<p><a href=\"https:\/\/mkgchirurgie-regensburg.de\/2016\/?p=876\">PLASTISCHE REKONSTRUKTION<\/a><\/p>\n<p><a href=\"https:\/\/mkgchirurgie-regensburg.de\/2016\/?p=879\">NARKOSE<\/a><\/p>\n<p><a href=\"https:\/\/mkgchirurgie-regensburg.de\/2016\/?p=882\">DIAGNOSTIK<\/a><\/p>\n<p><a href=\"https:\/\/mkgchirurgie-regensburg.de\/2016\/?p=1083\">KORREKTUR VON KIEFERFEHLSTELLUNGEN<\/a><\/p>\n<p><a href=\"https:\/\/mkgchirurgie-regensburg.de\/2016\/lippen-kiefer-gaumenspalten\/\">LIPPEN-KIEFER-GAUMENSPALTEN<\/a><\/p>\n<\/div>\n<\/div><\/section><\/p>\n<\/div><\/div>\n<style type=\"text\/css\" data-created_by=\"avia_inline_auto\" id=\"style-css-av-av_cell_one_fourth-404a7f9ef752a7e213cd2a87e9bfe05e\">\n.flex_cell.av-av_cell_one_fourth-404a7f9ef752a7e213cd2a87e9bfe05e{\nvertical-align:top;\nbackground-color:#5f829e;\n}\n.responsive #top #wrap_all .flex_cell.av-av_cell_one_fourth-404a7f9ef752a7e213cd2a87e9bfe05e{\npadding:30px 30px 30px 30px !important;\n}\n<\/style>\n<div class='flex_cell av-av_cell_one_fourth-404a7f9ef752a7e213cd2a87e9bfe05e av-gridrow-cell av_one_fourth no_margin  avia-builder-el-4  el_after_av_cell_one_fourth  el_before_av_cell_one_half ' ><div class='flex_cell_inner'>\n<style type=\"text\/css\" data-created_by=\"avia_inline_auto\" id=\"style-css-av-av_textblock-0973bf8a928a921faface2205b8e53b4\">\n#top .av_textblock_section.av-av_textblock-0973bf8a928a921faface2205b8e53b4 .avia_textblock{\ncolor:#122238;\n}\n<\/style>\n<section  class='av_textblock_section av-av_textblock-0973bf8a928a921faface2205b8e53b4'  itemscope=\"itemscope\" itemtype=\"https:\/\/schema.org\/CreativeWork\" ><div class='avia_textblock av_inherit_color'  itemprop=\"text\" ><p><strong>Hautchirurgie<\/strong><\/p>\n<p>Bei der Entfernung von gut- und b\u00f6sartigen Tumoren steht an erster Stelle immer die sichere Entfernung der Neubildung. Das Wissen und die operative Erfahrung in der plastischen Rekonstruktion erm\u00f6glicht es auch bei gr\u00f6\u00dferen Defekten im \u00e4sthetisch sensiblen Bereich der Gesichts-, Hals- und Kopfhaut \u00e4sthetisch und funktionell\u00a0gute Ergebnisse zu erzielen. Hierzu stehen verschiedenste Lappenplastiken und andere rekonstruktive Techniken zur Verf\u00fcgung.<\/p>\n<\/div><\/section>\n<\/div><\/div>\n<style type=\"text\/css\" data-created_by=\"avia_inline_auto\" id=\"style-css-av-av_cell_one_half-c5c820c6f0f51e8ab0b8c2829b74e770\">\n.flex_cell.av-av_cell_one_half-c5c820c6f0f51e8ab0b8c2829b74e770{\nvertical-align:top;\n}\n.responsive #top #wrap_all .flex_cell.av-av_cell_one_half-c5c820c6f0f51e8ab0b8c2829b74e770{\npadding:0px 0px 0px 0px !important;\n}\n<\/style>\n<div class='flex_cell av-av_cell_one_half-c5c820c6f0f51e8ab0b8c2829b74e770 av-gridrow-cell av_one_half no_margin  avia-builder-el-6  el_after_av_cell_one_fourth  avia-builder-el-last  av-zero-padding avia-full-stretch' ><div class='flex_cell_inner'><div  class='avia-slideshow av-av_slideshow-1a42e31ff53dfe65dbabc2f33a0bcf59 avia-slideshow-no scaling av_slideshow avia-slide-slider  avia-builder-el-7  avia-builder-el-no-sibling  av-slideshow-ui av-slideshow-manual av-loop-once av-loop-manual-endless av-default-height-applied avia-slideshow-1' data-slideshow-options=\"{&quot;animation&quot;:&quot;slide&quot;,&quot;autoplay&quot;:false,&quot;loop_autoplay&quot;:&quot;once&quot;,&quot;interval&quot;:5,&quot;loop_manual&quot;:&quot;manual-endless&quot;,&quot;autoplay_stopper&quot;:false,&quot;noNavigation&quot;:false,&quot;bg_slider&quot;:false,&quot;keep_padding&quot;:false,&quot;hoverpause&quot;:false,&quot;show_slide_delay&quot;:0}\"  itemprop=\"image\" itemscope=\"itemscope\" itemtype=\"https:\/\/schema.org\/ImageObject\" ><ul class='avia-slideshow-inner ' style='padding-bottom: 100%;'><li  class='avia-slideshow-slide av-av_slideshow-1a42e31ff53dfe65dbabc2f33a0bcf59__0  av-single-slide slide-1 slide-odd'><div data-rel='slideshow-1' class='avia-slide-wrap '   ><img decoding=\"async\" class=\"wp-image-1424 avia-img-lazy-loading-not-1424\"  src=\"https:\/\/mkgchirurgie-regensburg.de\/2016\/wp-content\/uploads\/2016\/09\/Dr.-Stefan-Legal_Praxis_33.jpg\" width=\"1030\" height=\"1030\" title='dr-stefan-legal_praxis_33' alt=''  itemprop=\"thumbnailUrl\" srcset=\"https:\/\/mkgchirurgie-regensburg.de\/2016\/wp-content\/uploads\/2016\/09\/Dr.-Stefan-Legal_Praxis_33.jpg 1030w, https:\/\/mkgchirurgie-regensburg.de\/2016\/wp-content\/uploads\/2016\/09\/Dr.-Stefan-Legal_Praxis_33-80x80.jpg 80w, https:\/\/mkgchirurgie-regensburg.de\/2016\/wp-content\/uploads\/2016\/09\/Dr.-Stefan-Legal_Praxis_33-300x300.jpg 300w, https:\/\/mkgchirurgie-regensburg.de\/2016\/wp-content\/uploads\/2016\/09\/Dr.-Stefan-Legal_Praxis_33-768x768.jpg 768w, https:\/\/mkgchirurgie-regensburg.de\/2016\/wp-content\/uploads\/2016\/09\/Dr.-Stefan-Legal_Praxis_33-36x36.jpg 36w, https:\/\/mkgchirurgie-regensburg.de\/2016\/wp-content\/uploads\/2016\/09\/Dr.-Stefan-Legal_Praxis_33-180x180.jpg 180w, https:\/\/mkgchirurgie-regensburg.de\/2016\/wp-content\/uploads\/2016\/09\/Dr.-Stefan-Legal_Praxis_33-705x705.jpg 705w, https:\/\/mkgchirurgie-regensburg.de\/2016\/wp-content\/uploads\/2016\/09\/Dr.-Stefan-Legal_Praxis_33-120x120.jpg 120w, https:\/\/mkgchirurgie-regensburg.de\/2016\/wp-content\/uploads\/2016\/09\/Dr.-Stefan-Legal_Praxis_33-450x450.jpg 450w\" sizes=\"(max-width: 1030px) 100vw, 1030px\" \/><\/div><\/li><\/ul><\/div>\n<\/div><\/div><\/div>\n","protected":false},"excerpt":{"rendered":"","protected":false},"author":1,"featured_media":0,"parent":0,"menu_order":0,"comment_status":"open","ping_status":"open","template":"","meta":[],"_links":{"self":[{"href":"https:\/\/mkgchirurgie-regensburg.de\/2016\/wp-json\/wp\/v2\/pages\/858"}],"collection":[{"href":"https:\/\/mkgchirurgie-regensburg.de\/2016\/wp-json\/wp\/v2\/pages"}],"about":[{"href":"https:\/\/mkgchirurgie-regensburg.de\/2016\/wp-json\/wp\/v2\/types\/page"}],"author":[{"embeddable":true,"href":"https:\/\/mkgchirurgie-regensburg.de\/2016\/wp-json\/wp\/v2\/users\/1"}],"replies":[{"embeddable":true,"href":"https:\/\/mkgchirurgie-regensburg.de\/2016\/wp-json\/wp\/v2\/comments?post=858"}],"version-history":[{"count":16,"href":"https:\/\/mkgchirurgie-regensburg.de\/2016\/wp-json\/wp\/v2\/pages\/858\/revisions"}],"predecessor-version":[{"id":1428,"href":"https:\/\/mkgchirurgie-regensburg.de\/2016\/wp-json\/wp\/v2\/pages\/858\/revisions\/1428"}],"wp:attachment":[{"href":"https:\/\/mkgchirurgie-regensburg.de\/2016\/wp-json\/wp\/v2\/media?parent=858"}],"curies":[{"name":"wp","href":"https:\/\/api.w.org\/{rel}","templated":true}]}}