{"id":969,"date":"2016-05-02T14:24:20","date_gmt":"2016-05-02T12:24:20","guid":{"rendered":"https:\/\/mkgchirurgie-regensburg.de\/2016\/?page_id=969"},"modified":"2026-02-03T15:15:24","modified_gmt":"2026-02-03T14:15:24","slug":"dr-stefan-legal","status":"publish","type":"page","link":"https:\/\/mkgchirurgie-regensburg.de\/2016\/dr-stefan-legal\/","title":{"rendered":"Dr. Stefan Legal"},"content":{"rendered":"<div id='av-layout-grid-1'  class='av-layout-grid-container av-1m5zgp-5c49a28166b55999610d801461f8fe4d entry-content-wrapper main_color av-flex-cells  avia-builder-el-0  el_before_av_textblock  avia-builder-el-first   container_wrap sidebar_right'  >\n\n<style type=\"text\/css\" data-created_by=\"avia_inline_auto\" id=\"style-css-av-1dgo55-29b412249d902d423c0f8b50ce5cbef5\">\n.flex_cell.av-1dgo55-29b412249d902d423c0f8b50ce5cbef5{\nvertical-align:top;\nbackground-color:#1f273b;\n}\n.responsive #top #wrap_all .flex_cell.av-1dgo55-29b412249d902d423c0f8b50ce5cbef5{\npadding:40px 40px 40px 40px !important;\n}\n<\/style>\n<div class='flex_cell av-1dgo55-29b412249d902d423c0f8b50ce5cbef5 av-gridrow-cell av_one_fourth no_margin  avia-builder-el-1  el_before_av_cell_one_fourth  avia-builder-el-first ' ><div class='flex_cell_inner'><p>\n<style type=\"text\/css\" data-created_by=\"avia_inline_auto\" id=\"style-css-av-8bsex-0d46b21b5bd20fbe9e50458cbe245ab8\">\n#top .av-special-heading.av-8bsex-0d46b21b5bd20fbe9e50458cbe245ab8{\npadding-bottom:40px;\ncolor:#ffffff;\n}\nbody .av-special-heading.av-8bsex-0d46b21b5bd20fbe9e50458cbe245ab8 .av-special-heading-tag .heading-char{\nfont-size:25px;\n}\n.av-special-heading.av-8bsex-0d46b21b5bd20fbe9e50458cbe245ab8 .special-heading-inner-border{\nborder-color:#ffffff;\n}\n.av-special-heading.av-8bsex-0d46b21b5bd20fbe9e50458cbe245ab8 .av-subheading{\nfont-size:15px;\n}\n<\/style>\n<div  class='av-special-heading av-8bsex-0d46b21b5bd20fbe9e50458cbe245ab8 av-special-heading-h4 custom-color-heading  avia-builder-el-2  el_before_av_textblock  avia-builder-el-first '><h4 class='av-special-heading-tag'  itemprop=\"headline\"  >Team<\/h4><div class=\"special-heading-border\"><div class=\"special-heading-inner-border\"><\/div><\/div><\/div><br \/>\n\n<style type=\"text\/css\" data-created_by=\"avia_inline_auto\" id=\"style-css-av-14sont-83da978f1820a517f74f116becf5cf03\">\n#top .av_textblock_section.av-14sont-83da978f1820a517f74f116becf5cf03 .avia_textblock{\ncolor:#ffffff;\n}\n<\/style>\n<section  class='av_textblock_section av-14sont-83da978f1820a517f74f116becf5cf03'  itemscope=\"itemscope\" itemtype=\"https:\/\/schema.org\/CreativeWork\" ><div class='avia_textblock av_inherit_color'  itemprop=\"text\" ><p>DR. STEFAN LEGAL<br \/>\n<strong>\u00a0<\/strong><br \/>\n<a href=\"https:\/\/mkgchirurgie-regensburg.de\/2016\/walentina-jordan\/\">WALENTINA JORDAN<\/a><br \/>\n<a href=\"https:\/\/mkgchirurgie-regensburg.de\/2016\/lea-schweiger\/\">LEA SCHWEIGER<\/a><br \/>\n<a href=\"https:\/\/mkgchirurgie-regensburg.de\/2016\/daniela-inhofer\/\">DANIELA INHOFER<\/a><br \/>\n<a href=\"https:\/\/mkgchirurgie-regensburg.de\/2016\/sina-marie-poeppel\/\">SINA-MARIE P\u00d6PPEL<\/a><br \/>\n<a href=\"https:\/\/mkgchirurgie-regensburg.de\/2016\/maria-cristina-bakman\/\">MARIA CRISTINA BAKMAN<\/a><br \/>\nKATHARINA NEHER<br \/>\nSONJA BAUR<\/p>\n<\/div><\/section><\/p>\n<\/div><\/div>\n<style type=\"text\/css\" data-created_by=\"avia_inline_auto\" id=\"style-css-av-z2n81-d28681bc6baffd8c53827e2c774cc2b6\">\n.flex_cell.av-z2n81-d28681bc6baffd8c53827e2c774cc2b6{\nvertical-align:top;\nbackground-color:#5f829e;\n}\n.responsive #top #wrap_all .flex_cell.av-z2n81-d28681bc6baffd8c53827e2c774cc2b6{\npadding:0px 0px 0px 0px !important;\n}\n<\/style>\n<div class='flex_cell av-z2n81-d28681bc6baffd8c53827e2c774cc2b6 av-gridrow-cell av_one_fourth no_margin  avia-builder-el-4  el_after_av_cell_one_fourth  el_before_av_cell_one_half  av-zero-padding' ><div class='flex_cell_inner'><div  class='avia-slideshow av-pwah5-18274929205df4c59c073c44d12761d8 avia-slideshow-no scaling av_slideshow avia-slide-slider  avia-builder-el-5  avia-builder-el-no-sibling  av-slideshow-ui av-control-hidden av-no-slider-navigation av-hide-nav-arrows av-slideshow-manual av-loop-once av-loop-manual-endless av-default-height-applied avia-slideshow-1' data-slideshow-options=\"{&quot;animation&quot;:&quot;slide&quot;,&quot;autoplay&quot;:false,&quot;loop_autoplay&quot;:&quot;once&quot;,&quot;interval&quot;:5,&quot;loop_manual&quot;:&quot;manual-endless&quot;,&quot;autoplay_stopper&quot;:false,&quot;noNavigation&quot;:true,&quot;bg_slider&quot;:false,&quot;keep_padding&quot;:false,&quot;hoverpause&quot;:false,&quot;show_slide_delay&quot;:0}\"  itemprop=\"image\" itemscope=\"itemscope\" itemtype=\"https:\/\/schema.org\/ImageObject\" ><ul class='avia-slideshow-inner ' style='padding-bottom: 138.21138211382%;'><li  class='avia-slideshow-slide av-pwah5-18274929205df4c59c073c44d12761d8__0  av-single-slide slide-1 slide-odd'><div data-rel='slideshow-1' class='avia-slide-wrap '   ><img decoding=\"async\" class=\"wp-image-36 avia-img-lazy-loading-not-36\"  src=\"https:\/\/mkgchirurgie-regensburg.de\/2016\/wp-content\/uploads\/2016\/02\/dr_stefan_legal_regensburg_01.jpg\" width=\"369\" height=\"510\" title='dr_stefan_legal_regensburg_01' alt=''  itemprop=\"thumbnailUrl\" srcset=\"https:\/\/mkgchirurgie-regensburg.de\/2016\/wp-content\/uploads\/2016\/02\/dr_stefan_legal_regensburg_01.jpg 369w, https:\/\/mkgchirurgie-regensburg.de\/2016\/wp-content\/uploads\/2016\/02\/dr_stefan_legal_regensburg_01-217x300.jpg 217w\" sizes=\"(max-width: 369px) 100vw, 369px\" \/><\/div><\/li><\/ul><\/div>\n<\/div><\/div>\n<style type=\"text\/css\" data-created_by=\"avia_inline_auto\" id=\"style-css-av-ctheh-89e177d994fd9fbf7ce223ed168203e3\">\n.flex_cell.av-ctheh-89e177d994fd9fbf7ce223ed168203e3{\nvertical-align:top;\nbackground-color:#d9dfeb;\n}\n.responsive #top #wrap_all .flex_cell.av-ctheh-89e177d994fd9fbf7ce223ed168203e3{\npadding:30px 30px 30px 30px !important;\n}\n<\/style>\n<div class='flex_cell av-ctheh-89e177d994fd9fbf7ce223ed168203e3 av-gridrow-cell av_one_half no_margin  avia-builder-el-6  el_after_av_cell_one_fourth  avia-builder-el-last  avia-full-stretch' ><div class='flex_cell_inner'>\n<style type=\"text\/css\" data-created_by=\"avia_inline_auto\" id=\"style-css-av-9x589-9b699631dcb6f66308ce232ec200d399\">\n#top .av_textblock_section.av-9x589-9b699631dcb6f66308ce232ec200d399 .avia_textblock{\nfont-size:12px;\ncolor:#122238;\n}\n\n@media only screen and (min-width: 768px) and (max-width: 989px){ \n#top .av_textblock_section.av-9x589-9b699631dcb6f66308ce232ec200d399 .avia_textblock{\nfont-size:10px;\n}\n}\n\n@media only screen and (min-width: 480px) and (max-width: 767px){ \n#top .av_textblock_section.av-9x589-9b699631dcb6f66308ce232ec200d399 .avia_textblock{\nfont-size:10px;\n}\n}\n\n@media only screen and (max-width: 479px){ \n#top .av_textblock_section.av-9x589-9b699631dcb6f66308ce232ec200d399 .avia_textblock{\nfont-size:10px;\n}\n}\n<\/style>\n<section  class='av_textblock_section av-9x589-9b699631dcb6f66308ce232ec200d399'  itemscope=\"itemscope\" itemtype=\"https:\/\/schema.org\/CreativeWork\" ><div class='avia_textblock av_inherit_color'  itemprop=\"text\" ><p><strong><span style=\"font-size:15px\">Dr. Stefan Legal<\/strong><br \/>\n<span style=\"font-size:15px\">Facharzt f\u00fcr Mund-, Kiefer-, Gesichtschirurgie<br \/>\nPlastische Operationen<br \/>\nFachzahnarzt f\u00fcr Oralchirurgie<br \/>\n<strong>Werdegang<\/strong><br \/>\n1996-2001<br \/>\nStudium der Zahnmedizin an der Friedrich-Alexander-Universit\u00e4t Erlangen\u00a0N\u00fcrnberg<br \/>\n2001<br \/>\nApprobation als Zahnarzt<br \/>\n2001-2007<br \/>\nStudium der Humanmedizin an der Friedrich-Alexander-Universit\u00e4t\u00a0Erlangen-N\u00fcrnberg, der Julius-Maximilians-Universit\u00e4t W\u00fcrzburg und der Universit\u00e4t\u00a0Regensburg<br \/>\n2006<br \/>\nPromotion<br \/>\n2007<br \/>\nApprobation als Arzt<br \/>\n2007-2012<br \/>\nWeiterbildungsassistent in der Klinik und Poliklinik f\u00fcr Mund-, Kiefer und\u00a0Gesichtschirurgie am Universit\u00e4tsklinikum Regensburg, Direktor: Prof. Dr. Dr. T. E. Reichert<br \/>\n2012<br \/>\nFacharztanerkennung Mund-, Kiefer-, Gesichtschirurgie durch die Bayerische\u00a0Landes\u00e4rztekammer<br \/>\n2012-2014<br \/>\nOberarzt der Klinik und Poliklinik f\u00fcr Mund-, Kiefer und Gesichtschirurgie\u00a0am Universit\u00e4tsklinikum Regensburg, Direktor: Prof. Dr. Dr. T. E. Reichert<br \/>\n2015<br \/>\nAnerkennung der Facharzt-Zusatzbezeichnung \u201cPlastische Operationen\u201c durch die\u00a0Bayerische Landes\u00e4rztekammer<br \/>\nAnerkennung &#8222;Fachzahnarzt f\u00fcr Oralchirurgie&#8220; durch die Bayerische Landeszahn\u00e4rztekammer<br \/>\n2016<br \/>\nNiederlassung in eigener Praxis in Regensburg<br \/>\n<strong><span style=\"text-decoration: underline;\"><a href=\"https:\/\/mkgchirurgie-regensburg.de\/2016\/?p=1105\">Soziales Engagement<\/a><\/span><\/strong><\/p>\n<\/div><\/section>\n<\/div><\/div><\/div><div id='after_grid_row_1'  class='main_color av_default_container_wrap container_wrap sidebar_right'  ><div class='container av-section-cont-open' ><div class='template-page content  av-content-small alpha units'><div class='post-entry post-entry-type-page post-entry-969'><div class='entry-content-wrapper clearfix'>\n","protected":false},"excerpt":{"rendered":"","protected":false},"author":1,"featured_media":0,"parent":0,"menu_order":0,"comment_status":"closed","ping_status":"closed","template":"","meta":[],"_links":{"self":[{"href":"https:\/\/mkgchirurgie-regensburg.de\/2016\/wp-json\/wp\/v2\/pages\/969"}],"collection":[{"href":"https:\/\/mkgchirurgie-regensburg.de\/2016\/wp-json\/wp\/v2\/pages"}],"about":[{"href":"https:\/\/mkgchirurgie-regensburg.de\/2016\/wp-json\/wp\/v2\/types\/page"}],"author":[{"embeddable":true,"href":"https:\/\/mkgchirurgie-regensburg.de\/2016\/wp-json\/wp\/v2\/users\/1"}],"replies":[{"embeddable":true,"href":"https:\/\/mkgchirurgie-regensburg.de\/2016\/wp-json\/wp\/v2\/comments?post=969"}],"version-history":[{"count":66,"href":"https:\/\/mkgchirurgie-regensburg.de\/2016\/wp-json\/wp\/v2\/pages\/969\/revisions"}],"predecessor-version":[{"id":1799,"href":"https:\/\/mkgchirurgie-regensburg.de\/2016\/wp-json\/wp\/v2\/pages\/969\/revisions\/1799"}],"wp:attachment":[{"href":"https:\/\/mkgchirurgie-regensburg.de\/2016\/wp-json\/wp\/v2\/media?parent=969"}],"curies":[{"name":"wp","href":"https:\/\/api.w.org\/{rel}","templated":true}]}}